{"id":217,"date":"2018-04-25T22:01:58","date_gmt":"2018-04-25T20:01:58","guid":{"rendered":"http:\/\/vscharpente.com\/?page_id=217"},"modified":"2019-02-21T10:54:45","modified_gmt":"2019-02-21T09:54:45","slug":"realisations-vs-charpente","status":"publish","type":"page","link":"https:\/\/vscharpente.com\/index.php\/realisations-vs-charpente\/","title":{"rendered":"R\u00e9alisations VS Charpente"},"content":{"rendered":"<p>[et_pb_section fb_built=\u00a0\u00bb1&Prime; admin_label=\u00a0\u00bbPage Title Section\u00a0\u00bb _builder_version=\u00a0\u00bb3.0.106&Prime; use_background_color_gradient=\u00a0\u00bbon\u00a0\u00bb background_color_gradient_start=\u00a0\u00bb#000000&Prime; background_color_gradient_end=\u00a0\u00bbrgba(0,0,0,0)\u00a0\u00bb background_color_gradient_direction=\u00a0\u00bb120deg\u00a0\u00bb background_color_gradient_overlays_image=\u00a0\u00bbon\u00a0\u00bb background_image=\u00a0\u00bbhttps:\/\/vscharpente.com\/wp-content\/uploads\/2018\/03\/Tee-shirt-noir.jpg\u00a0\u00bb custom_padding=\u00a0\u00bb110px||110px|\u00a0\u00bb][et_pb_row _builder_version=\u00a0\u00bb3.0.47&Prime; background_size=\u00a0\u00bbinitial\u00a0\u00bb background_position=\u00a0\u00bbtop_left\u00a0\u00bb background_repeat=\u00a0\u00bbrepeat\u00a0\u00bb][et_pb_column type=\u00a0\u00bb2_3&Prime; _builder_version=\u00a0\u00bb3.0.47&Prime;][et_pb_text admin_label=\u00a0\u00bbTitle\u00a0\u00bb _builder_version=\u00a0\u00bb3.0.93&Prime; text_font=\u00a0\u00bb||||||||\u00a0\u00bb header_font=\u00a0\u00bbPoppins|600|||||||\u00a0\u00bb header_font_size=\u00a0\u00bb60px\u00a0\u00bb header_font_size_phone=\u00a0\u00bb40px\u00a0\u00bb header_font_size_last_edited=\u00a0\u00bbon|phone\u00a0\u00bb header_line_height=\u00a0\u00bb1.2em\u00a0\u00bb header_2_font=\u00a0\u00bb||||||||\u00a0\u00bb header_2_font_size=\u00a0\u00bb60px\u00a0\u00bb background_layout=\u00a0\u00bbdark\u00a0\u00bb custom_margin=\u00a0\u00bb||20px|\u00a0\u00bb custom_padding=\u00a0\u00bb|||\u00a0\u00bb animation_style=\u00a0\u00bbfade\u00a0\u00bb]<\/p>\n<h1>Les r\u00e9alisations<\/h1>\n<h1>VS Charpente<\/h1>\n<p>[\/et_pb_text][et_pb_text admin_label=\u00a0\u00bbPage Subtitle\u00a0\u00bb _builder_version=\u00a0\u00bb3.0.94&Prime; text_font=\u00a0\u00bbPoppins||||||||\u00a0\u00bb text_font_size=\u00a0\u00bb18px\u00a0\u00bb text_line_height=\u00a0\u00bb1.8em\u00a0\u00bb header_font=\u00a0\u00bb||||||||\u00a0\u00bb background_layout=\u00a0\u00bbdark\u00a0\u00bb animation_style=\u00a0\u00bbfade\u00a0\u00bb]<\/p>\n<p>Galerie photos de nos chantiers<\/p>\n<p>[\/et_pb_text][\/et_pb_column][et_pb_column type=\u00a0\u00bb1_3&Prime; _builder_version=\u00a0\u00bb3.0.47&Prime;][\/et_pb_column][\/et_pb_row][\/et_pb_section][et_pb_section fb_built=\u00a0\u00bb1&Prime; _builder_version=\u00a0\u00bb3.0.106&Prime; background_color=\u00a0\u00bb#ffffff\u00a0\u00bb custom_padding=\u00a0\u00bb0||0|\u00a0\u00bb][et_pb_row make_fullwidth=\u00a0\u00bbon\u00a0\u00bb use_custom_gutter=\u00a0\u00bbon\u00a0\u00bb gutter_width=\u00a0\u00bb1&Prime; custom_padding=\u00a0\u00bb4px|0px|7px|0px\u00a0\u00bb make_equal=\u00a0\u00bbon\u00a0\u00bb _builder_version=\u00a0\u00bb3.0.106&Prime;][et_pb_column type=\u00a0\u00bb4_4&Prime; _builder_version=\u00a0\u00bb3.0.106&Prime;][et_pb_gallery gallery_ids=\u00a0\u00bb305,309,310,313,304,299,308,301,302,312,311,303,300,307,306,248,273&Prime; gallery_captions=\u00a0\u00bb,,,,,,,,,,,\u00a0\u00bb posts_number=\u00a0\u00bb16&Prime; orientation=\u00a0\u00bbportrait\u00a0\u00bb show_title_and_caption=\u00a0\u00bboff\u00a0\u00bb _builder_version=\u00a0\u00bb3.19.15&Prime; border_width_all=\u00a0\u00bb5px\u00a0\u00bb border_color_all=\u00a0\u00bb#ffffff\u00a0\u00bb][\/et_pb_gallery][\/et_pb_column][\/et_pb_row][\/et_pb_section][et_pb_section fb_built=\u00a0\u00bb1&Prime; admin_label=\u00a0\u00bbClasses Section\u00a0\u00bb _builder_version=\u00a0\u00bb3.0.93&Prime; background_color=\u00a0\u00bb#1e1d1c\u00a0\u00bb custom_padding=\u00a0\u00bb91px||91px|\u00a0\u00bb][et_pb_row custom_padding=\u00a0\u00bb60px|0px|60px|0px\u00a0\u00bb admin_label=\u00a0\u00bbClass Area\u00a0\u00bb _builder_version=\u00a0\u00bb3.0.93&Prime; locked=\u00a0\u00bboff\u00a0\u00bb][et_pb_column type=\u00a0\u00bb4_4&Prime; _builder_version=\u00a0\u00bb3.0.47&Prime;][et_pb_text admin_label=\u00a0\u00bbTitle\u00a0\u00bb _builder_version=\u00a0\u00bb3.0.106&Prime; text_font=\u00a0\u00bb||||||||\u00a0\u00bb header_font=\u00a0\u00bb||||||||\u00a0\u00bb header_2_font=\u00a0\u00bbPoppins|600|||||||\u00a0\u00bb header_2_text_align=\u00a0\u00bbcenter\u00a0\u00bb header_2_font_size=\u00a0\u00bb36px\u00a0\u00bb header_2_line_height=\u00a0\u00bb1.2em\u00a0\u00bb background_layout=\u00a0\u00bbdark\u00a0\u00bb custom_margin=\u00a0\u00bb||0px|\u00a0\u00bb animation_style=\u00a0\u00bbfade\u00a0\u00bb]<\/p>\n<h2>Un chantier \u00e0 nous confier ?<br \/> <a href=\"..\/..\/#contact\"><span style=\"color: #00ff00;\"> Contactez-nous<\/span> !<\/a><\/h2>\n<p>[\/et_pb_text][\/et_pb_column][\/et_pb_row][\/et_pb_section]<\/p>\n","protected":false},"excerpt":{"rendered":"<p>Les r\u00e9alisations VS CharpenteGalerie photos de nos chantiersUn chantier \u00e0 nous confier ? Contactez-nous !<\/p>\n","protected":false},"author":1,"featured_media":0,"parent":0,"menu_order":0,"comment_status":"closed","ping_status":"closed","template":"","meta":{"_et_pb_use_builder":"on","_et_pb_old_content":"","_et_gb_content_width":""},"yoast_head":"<!-- This site is optimized with the Yoast SEO plugin v19.14 - https:\/\/yoast.com\/wordpress\/plugins\/seo\/ -->\n<title>R\u00e9alisations VS Charpente - VS Charpente<\/title>\n<meta name=\"robots\" content=\"index, follow, max-snippet:-1, max-image-preview:large, max-video-preview:-1\" \/>\n<link rel=\"canonical\" href=\"https:\/\/vscharpente.com\/index.php\/realisations-vs-charpente\/\" \/>\n<meta property=\"og:locale\" content=\"fr_FR\" \/>\n<meta property=\"og:type\" content=\"article\" \/>\n<meta property=\"og:title\" content=\"R\u00e9alisations VS Charpente - VS Charpente\" \/>\n<meta property=\"og:description\" content=\"Les r\u00e9alisations VS CharpenteGalerie photos de nos chantiersUn chantier \u00e0 nous confier ? Contactez-nous !\" \/>\n<meta property=\"og:url\" content=\"https:\/\/vscharpente.com\/index.php\/realisations-vs-charpente\/\" \/>\n<meta property=\"og:site_name\" content=\"VS Charpente\" \/>\n<meta property=\"article:publisher\" content=\"https:\/\/www.facebook.com\/VS-charpente-la-maitrise-du-bois-1588133847940941\/\" \/>\n<meta property=\"article:modified_time\" content=\"2019-02-21T09:54:45+00:00\" \/>\n<meta name=\"twitter:card\" content=\"summary_large_image\" \/>\n<meta name=\"twitter:label1\" content=\"Dur\u00e9e de lecture estim\u00e9e\" \/>\n\t<meta name=\"twitter:data1\" content=\"2 minutes\" \/>\n<script type=\"application\/ld+json\" class=\"yoast-schema-graph\">{\"@context\":\"https:\/\/schema.org\",\"@graph\":[{\"@type\":\"WebPage\",\"@id\":\"https:\/\/vscharpente.com\/index.php\/realisations-vs-charpente\/\",\"url\":\"https:\/\/vscharpente.com\/index.php\/realisations-vs-charpente\/\",\"name\":\"R\u00e9alisations VS Charpente - VS Charpente\",\"isPartOf\":{\"@id\":\"https:\/\/vscharpente.com\/#website\"},\"datePublished\":\"2018-04-25T20:01:58+00:00\",\"dateModified\":\"2019-02-21T09:54:45+00:00\",\"breadcrumb\":{\"@id\":\"https:\/\/vscharpente.com\/index.php\/realisations-vs-charpente\/#breadcrumb\"},\"inLanguage\":\"fr-FR\",\"potentialAction\":[{\"@type\":\"ReadAction\",\"target\":[\"https:\/\/vscharpente.com\/index.php\/realisations-vs-charpente\/\"]}]},{\"@type\":\"BreadcrumbList\",\"@id\":\"https:\/\/vscharpente.com\/index.php\/realisations-vs-charpente\/#breadcrumb\",\"itemListElement\":[{\"@type\":\"ListItem\",\"position\":1,\"name\":\"Accueil\",\"item\":\"https:\/\/vscharpente.com\/\"},{\"@type\":\"ListItem\",\"position\":2,\"name\":\"R\u00e9alisations VS Charpente\"}]},{\"@type\":\"WebSite\",\"@id\":\"https:\/\/vscharpente.com\/#website\",\"url\":\"https:\/\/vscharpente.com\/\",\"name\":\"VS Charpente\",\"description\":\"La ma\u00eetrise du bois\",\"potentialAction\":[{\"@type\":\"SearchAction\",\"target\":{\"@type\":\"EntryPoint\",\"urlTemplate\":\"https:\/\/vscharpente.com\/?s={search_term_string}\"},\"query-input\":\"required name=search_term_string\"}],\"inLanguage\":\"fr-FR\"}]}<\/script>\n<!-- \/ Yoast SEO plugin. -->","yoast_head_json":{"title":"R\u00e9alisations VS Charpente - VS Charpente","robots":{"index":"index","follow":"follow","max-snippet":"max-snippet:-1","max-image-preview":"max-image-preview:large","max-video-preview":"max-video-preview:-1"},"canonical":"https:\/\/vscharpente.com\/index.php\/realisations-vs-charpente\/","og_locale":"fr_FR","og_type":"article","og_title":"R\u00e9alisations VS Charpente - VS Charpente","og_description":"Les r\u00e9alisations VS CharpenteGalerie photos de nos chantiersUn chantier \u00e0 nous confier ? Contactez-nous !","og_url":"https:\/\/vscharpente.com\/index.php\/realisations-vs-charpente\/","og_site_name":"VS Charpente","article_publisher":"https:\/\/www.facebook.com\/VS-charpente-la-maitrise-du-bois-1588133847940941\/","article_modified_time":"2019-02-21T09:54:45+00:00","twitter_card":"summary_large_image","twitter_misc":{"Dur\u00e9e de lecture estim\u00e9e":"2 minutes"},"schema":{"@context":"https:\/\/schema.org","@graph":[{"@type":"WebPage","@id":"https:\/\/vscharpente.com\/index.php\/realisations-vs-charpente\/","url":"https:\/\/vscharpente.com\/index.php\/realisations-vs-charpente\/","name":"R\u00e9alisations VS Charpente - VS Charpente","isPartOf":{"@id":"https:\/\/vscharpente.com\/#website"},"datePublished":"2018-04-25T20:01:58+00:00","dateModified":"2019-02-21T09:54:45+00:00","breadcrumb":{"@id":"https:\/\/vscharpente.com\/index.php\/realisations-vs-charpente\/#breadcrumb"},"inLanguage":"fr-FR","potentialAction":[{"@type":"ReadAction","target":["https:\/\/vscharpente.com\/index.php\/realisations-vs-charpente\/"]}]},{"@type":"BreadcrumbList","@id":"https:\/\/vscharpente.com\/index.php\/realisations-vs-charpente\/#breadcrumb","itemListElement":[{"@type":"ListItem","position":1,"name":"Accueil","item":"https:\/\/vscharpente.com\/"},{"@type":"ListItem","position":2,"name":"R\u00e9alisations VS Charpente"}]},{"@type":"WebSite","@id":"https:\/\/vscharpente.com\/#website","url":"https:\/\/vscharpente.com\/","name":"VS Charpente","description":"La ma\u00eetrise du bois","potentialAction":[{"@type":"SearchAction","target":{"@type":"EntryPoint","urlTemplate":"https:\/\/vscharpente.com\/?s={search_term_string}"},"query-input":"required name=search_term_string"}],"inLanguage":"fr-FR"}]}},"_links":{"self":[{"href":"https:\/\/vscharpente.com\/index.php\/wp-json\/wp\/v2\/pages\/217"}],"collection":[{"href":"https:\/\/vscharpente.com\/index.php\/wp-json\/wp\/v2\/pages"}],"about":[{"href":"https:\/\/vscharpente.com\/index.php\/wp-json\/wp\/v2\/types\/page"}],"author":[{"embeddable":true,"href":"https:\/\/vscharpente.com\/index.php\/wp-json\/wp\/v2\/users\/1"}],"replies":[{"embeddable":true,"href":"https:\/\/vscharpente.com\/index.php\/wp-json\/wp\/v2\/comments?post=217"}],"version-history":[{"count":19,"href":"https:\/\/vscharpente.com\/index.php\/wp-json\/wp\/v2\/pages\/217\/revisions"}],"predecessor-version":[{"id":315,"href":"https:\/\/vscharpente.com\/index.php\/wp-json\/wp\/v2\/pages\/217\/revisions\/315"}],"wp:attachment":[{"href":"https:\/\/vscharpente.com\/index.php\/wp-json\/wp\/v2\/media?parent=217"}],"curies":[{"name":"wp","href":"https:\/\/api.w.org\/{rel}","templated":true}]}}